{"id":339,"date":"2022-06-04T14:58:52","date_gmt":"2022-06-04T12:58:52","guid":{"rendered":"https:\/\/www.joursdetheatre.fr\/?page_id=339"},"modified":"2024-03-25T15:40:01","modified_gmt":"2024-03-25T14:40:01","slug":"les-jours-de-theatre-aujourdhui-bientot","status":"publish","type":"page","link":"https:\/\/www.joursdetheatre.fr\/index.php\/les-jours-de-theatre-aujourdhui-bientot\/","title":{"rendered":"Les Jours de Th\u00e9\u00e2tre aujourd&rsquo;hui"},"content":{"rendered":"\n<p><strong><span style=\"text-decoration: underline;\">PR\u00c9SENTATION DU FESTIVAL<\/span><\/strong><\/p>\n\n\n\n<p>Estagel a connu dans les ann\u00e9es 80 et 90 une offre culturelle forte, sous l\u2019\u00e9gide de son maire Antoine Sarda et de son acolyte Roger Payrot, et le Festival d\u2019alors accueillait au printemps, \u00e0 l\u2019\u00e9t\u00e9 puis \u00e0 l\u2019automne de grands spectacles d\u2019envergure nationale.<\/p>\n\n\n\n<p>Apr\u00e8s 6 ann\u00e9es d\u2019arr\u00eat forc\u00e9, la d\u00e9cision a \u00e9t\u00e9 prise de lancer un nouveau festival d\u00e8s 2009, centr\u00e9 sur le th\u00e9\u00e2tre. Les <em>\u00ab\u00a03 jours de Th\u00e9\u00e2tre\u00a0\u00bb<\/em> proposaient donc aux habitants de la vall\u00e9e de l\u2019Agly trois soir\u00e9es de th\u00e9\u00e2tre en plein air. La bonne r\u00e9ception de cette proposition a encourag\u00e9 la municipalit\u00e9 du nouveau maire, Roger Ferrer, \u00e0 \u00e9toffer la programmation, en y ajoutant des spectacles les apr\u00e8s-midis de ces trois jours.<\/p>\n\n\n\n<p>Les ann\u00e9es suivantes, la bonne dynamique s\u2019est poursuivie en la construction patiente et intelligente de ce qui allait devenir un \u00e9v\u00e9nement culturel important de la Vall\u00e9e de l\u2019Agly et du d\u00e9partement, en s\u2019appuyant sur la confiance accord\u00e9e par des festivaliers toujours plus nombreux d\u2019une part, et sur un r\u00e9seau d\u2019acteurs locaux d\u2019autre part. Ainsi, le festival \u00ab&nbsp;Jours de Th\u00e9\u00e2tre&nbsp;\u00bb d\u2019Estagel propose aujourd\u2019hui une programmation dense sur cinq jours, faite de compagnies d\u2019envergures nationale en soir\u00e9e, locale et r\u00e9gionale en journ\u00e9e, m\u00ealant le th\u00e9\u00e2tre \u00e0 la danse, \u00e0 la musique ou au cirque, explorant des espaces sc\u00e9niques divers, en salle comme en plein air, pour des publics enfants, adolescents ou adultes, et \u00e0 des prix d\u00e9fiant toute concurrence, destin\u00e9s \u00e0 n\u2019exclure personne.<\/p>\n\n\n\n<p><\/p>\n\n\n\n<p>\u00a0En quelques ann\u00e9es, notre festival:<\/p>\n\n\n\n<ul class=\"wp-block-list\">\n<li>est pass\u00e9 d\u2019une programmation de trois spectacles de soir\u00e9e \u00e0 plus de vingt-cinq rendez-vous sur cinq jours,<\/li>\n\n\n\n<li>a accueilli des compagnies professionnelles plus habitu\u00e9es des sc\u00e8nes nationales que des festivals de village,<\/li>\n\n\n\n<li>a multipli\u00e9 par deux sa fr\u00e9quentation de soir\u00e9e qui se situe entre 200 et 250 spectateurs, a trouv\u00e9 un public fid\u00e8le et nombreux \u00e0 ses spectacles en journ\u00e9e,<\/li>\n\n\n\n<li>a d\u00e9velopp\u00e9 des partenariats solides avec le M\u00e9morial du Camp de Rivesaltes, la Ligue de l&rsquo;Ensignement 66, le Conservatoire \u00e0 Rayonnement R\u00e9gional de Perpignan,  avec le centre de vacances CCAS d\u2019Estagel, les Point Jeunesse et Centre de loisirs, et avec les commer\u00e7ants locaux partenaires du festival,<\/li>\n\n\n\n<li>a b\u00e9n\u00e9fici\u00e9 du soutien croissant dans l\u2019organisation d\u2019un groupe de b\u00e9n\u00e9voles, pendant la dur\u00e9e du festival comme tout au long de l\u2019ann\u00e9e.<\/li>\n<\/ul>\n\n\n\n<p><\/p>\n\n\n\n<p><strong><span style=\"text-decoration: underline;\">PRINCIPES DE PROGRAMMATION<\/span><\/strong><\/p>\n\n\n\n<p>D\u00e8s 2009, l\u2019organisation du festival s\u2019est accord\u00e9e sur les principes que nous allons d\u00e9velopper ci-dessous. Ceux-ci r\u00e9sultent \u00e0 la fois de choix d\u00e9lib\u00e9r\u00e9s, de la r\u00e9alit\u00e9 de notre territoire ou, parfois, de contraintes techniques. Ils ne sont bien s\u00fbr pas exhaustifs, et nous verrons \u00e9galement que ces principes fondamentaux en sous-tendent d\u2019autres, d\u2019\u00e9gale importance.<\/p>\n\n\n\n<p><strong>a\/ Un festival de compagnies professionnelles<\/strong><\/p>\n\n\n\n<p>Les \u00ab\u00a0Jours de Th\u00e9\u00e2tre\u00a0\u00bb accueillent quasi-exclusivement des compagnies professionnelles. En effet, nous avons fait le choix de proposer et de soutenir les cr\u00e9ations de celles et ceux qui en font leur m\u00e9tier.<\/p>\n\n\n\n<p>Bien s\u00fbr, les compagnies professionnelles proposent g\u00e9n\u00e9ralement un travail auquel elles se consacrent pleinement, et globalement de tr\u00e8s bonne facture. Si nos pr\u00e9f\u00e9rences artistiques, esth\u00e9tiques, la coh\u00e9rence de notre programmation, nous poussent \u00e0 refuser certains spectacles, nous admettons toutefois qu\u2019ils sont le r\u00e9sultat d\u2019un travail de qualit\u00e9. Les propositions des compagnies amateur sont naturellement plus al\u00e9atoires, et comment pourrait-il en \u00eatre autrement, \u00e9tant donn\u00e9e la diff\u00e9rence de nature entre des cr\u00e9ations professionnelles et des troupes de pratiquants de loisir, ou la dimension ludique est pr\u00e9pond\u00e9rante&nbsp;?<\/p>\n\n\n\n<p>Cette premi\u00e8re pr\u00e9cision faite, mettons-la en perspective avec la r\u00e9alit\u00e9 de notre territoire&nbsp;: en dehors de quelques rares initiatives (notamment de la tourn\u00e9e \u00ab&nbsp;Tous au Th\u00e9\u00e2tre&nbsp;\u00bb du Conseil D\u00e9partemental 66), le th\u00e9\u00e2tre professionnel n\u2019est pas pr\u00e9sent dans nos villages, \u00e0 30km de Perpignan, et encore moins dans les Fenouill\u00e8des voisins. Nous avons donc fait n\u00f4tre cette fonction&nbsp;: proposer aux habitants de nos territoires des spectacles de grande qualit\u00e9, chez eux.<\/p>\n\n\n\n<p><strong>b\/ Des spectacles d\u2019envergures nationale \/ r\u00e9gionale \/ locale<\/strong><\/p>\n\n\n\n<p>C\u2019est d\u2019ailleurs dans ce m\u00eame esprit \u2013 apporter ce qui se fait de mieux l\u00e0 o\u00f9 nous avons rarement l\u2019occasion de le voir \u2013 que le festival \u00ab\u00a0Jours de Th\u00e9\u00e2tre\u00a0\u00bb se fait fort d\u2019accueillir en soir\u00e9e des compagnies dont le nom et le travail r\u00e9sonnent au niveau national. Ainsi, les festivaliers ont pu assister \u00e0 Estagel \u00e0 des repr\u00e9sentations de la <strong><em>Cie Piccola Familia<\/em><\/strong> dirig\u00e9e par Thomas Jolly, de la <strong><em>Cie des Petits Champs<\/em><\/strong> de Cl\u00e9ment Hervieu-L\u00e9ger, de la <strong><em>Cie Rasposo<\/em><\/strong> dirig\u00e9e par Marie Molliens, de la <strong><em>Cie Machine Th\u00e9\u00e2tre<\/em><\/strong> avec des mises en sc\u00e8ne de Nicolas Oton, du <em><strong>Th\u00e9\u00e2tre du Corps<\/strong><\/em> de M-C. Pietragalla et J. Derouault, de la<em><strong> Cie Alexandre<\/strong><\/em> de Lena Paugam, pour ne citer qu\u2019elles\u00a0!<\/p>\n\n\n\n<p>\u00c0 la marge, nous avons \u00e9galement su accueillir des artistes et compagnies internationales, comme la <strong><em>Cie Dual Band<\/em><\/strong>, de Milan (Italie) ou la <strong><em>Cie Sennsa Teatro Laboratorio<\/em><\/strong>, bas\u00e9e en Andalousie (Espagne).<\/p>\n\n\n\n<p>Au-del\u00e0 de cette offre reconnue, nous consid\u00e9rons avec enthousiasme la cr\u00e9ation r\u00e9gionale et locale, et nous donnons pour mission de la soutenir, d\u2019une part en la montrant \u00e0 nos festivaliers, mais \u00e9galement en lui proposant lorsque cela est possible, et malgr\u00e9 le manque d\u2019installations adapt\u00e9es dont nous souffrons, des moyens logistiques et\/ou des locaux pour travailler et cr\u00e9er chez nous.<\/p>\n\n\n\n<p>Nous faisons assez naturellement une diff\u00e9rence de traitement entre les compagnies r\u00e9gionales, dont le vivier est relativement important, puisque leur territoire est plus vaste, et les compagnies locales, \u00e0 l\u2019\u00e9chelle de notre d\u00e9partement voire de notre canton, forc\u00e9ment moins nombreuses. La diff\u00e9rence est donc la suivante\u00a0: si nous nous faisons fort de proposer chaque ann\u00e9e des spectacles de nombreuses compagnies professionnelles de la r\u00e9gion, c\u2019est sans conditions ou presque que nous ouvrons nos sc\u00e8nes aux compagnies locales, pour lesquelles nous avons une grande fid\u00e9lit\u00e9. Ainsi, la <strong><em>Cie Marie est de la Nuit<\/em><\/strong>, install\u00e9e \u00e0 Estagel m\u00eame, la <strong><em>Cie La Petite Vitesse<\/em><\/strong> de Latour-de-France, la perpignanaise <strong><em>Cie Qu\u2019est-ce \u00e0 dire<\/em><\/strong>, les cr\u00e9ations du chor\u00e9graphe multicarte <strong><em>Renaud Semper<\/em><\/strong> b\u00e9n\u00e9ficient de notre soutien actif. D\u2019autres, comme <strong><em>la Cie Encima<\/em><\/strong>, la <strong><em>Cie des Petites Gens<\/em><\/strong>, la <strong><em>Cie du Sarment<\/em><\/strong> et les nombreux groupes de musiques du d\u00e9partement viennent \u00e0 Estagel moins fr\u00e9quemment, mais font partie de ces compagnies que nous suivons. <\/p>\n\n\n\n<p><strong>c\/ Un festival pluridisciplinaire, pour tous les publics<\/strong><\/p>\n\n\n\n<p>Si nos \u00ab&nbsp;Jours de Th\u00e9\u00e2tre&nbsp;\u00bb se centrent \u00e9videmment sur le th\u00e9\u00e2tre, au c\u0153ur de notre festival, ils font toutefois la part belle aux autres disciplines artistiques du domaine du spectacle vivant. Ainsi, nous pouvons proposer aux festivaliers de la musique classique, de la danse, du cirque, des marionnettes, du chant, de la po\u00e9sie\u2026 Et la journ\u00e9e se termine immanquablement par un concert \u00e0 l\u2019occasion duquel les festivaliers peuvent \u00e9changer autour d\u2019un verre, dans un espace convivial, et souvent en pr\u00e9sence des compagnies du jour.<\/p>\n\n\n\n<p>Nous r\u00e9fl\u00e9chissons \u00e9galement \u00e0 varier les formats&nbsp;: spectacles courts ou sur plusieurs heures, d\u2019esth\u00e9tiques vari\u00e9s, populaires ou plus exigeants, en salle, en ext\u00e9rieur ou itin\u00e9rants\u2026 Les spectacles de soir\u00e9e sont tous programm\u00e9s en plein air, et si cette condition est contrainte par le manque d\u2019infrastructures, elle ajoute un charme tr\u00e8s appr\u00e9ci\u00e9 des festivaliers, et constitue parfois un d\u00e9fi artistique pour les compagnies qui acceptent volontiers de le relever, quitte \u00e0 adapter leur spectacle au lieu propos\u00e9.<\/p>\n\n\n\n<p>Notre programmation int\u00e8gre par ailleurs des spectacles pour enfants et pour adolescents, et la grande majorit\u00e9 des spectacles est accessible \u00e0 toutes et tous. Aussi, nous sommes soucieux de ne pas proposer un th\u00e9\u00e2tre, des spectacles, qui rel\u00e8veraient uniquement de la distraction ou du ludique. Les th\u00e8mes abord\u00e9s, les formes m\u00eames des spectacles doivent pour nous convaincre faire des liens avec notre r\u00e9alit\u00e9 et avec les sujets qui nous pr\u00e9occupent collectivement ou intimement.<\/p>\n\n\n\n<p><\/p>\n\n\n\n<p><strong><span style=\"text-decoration: underline;\">DYNAMIQUE TERRITORIALE<\/span><\/strong><\/p>\n\n\n\n<p><strong>a\/ Un \u00e9v\u00e9nement culturel majeur en milieu rural<\/strong><\/p>\n\n\n\n<p>Le village d\u2019Estagel est situ\u00e9 \u00e0 30 minutes \u00e0 l\u2019ouest de Perpignan, dans les terres, et compte une population qui d\u00e9passe juste les 2.000 habitants. Les communes voisines sont plus petites, ou avec une population du m\u00eame ordre.<\/p>\n\n\n\n<p>Sur ce territoire rural, l\u2019offre culturelle est tr\u00e8s maigre, et les \u00e9v\u00e9nements culturels importants, les salles de spectacles \u00e9quip\u00e9es, sans parler m\u00eame de lieux accueillant une programmation \u00e0 l\u2019ann\u00e9e, sont quasi-inexistants. Seuls les concerts du festival \u00ab&nbsp;Voix de Femmes&nbsp;\u00bb de la commune limitrophe de Maury, et les spectacles de notre festival \u00ab&nbsp;Jours de Th\u00e9\u00e2tre&nbsp;\u00bb proposent d\u2019accueillir des artistes qui sillonnent habituellement des sc\u00e8nes reconnues.<\/p>\n\n\n\n<p>Ainsi, s\u2019il est naturel qu\u2019un \u00e9v\u00e9nement comme le n\u00f4tre attire \u00e9galement des habitants de tout le d\u00e9partement, voire au-del\u00e0, et des vacanciers de passage, il se fait fort de s\u2019adresser directement \u00e0 celles et ceux qui vivent sur notre territoire, ont un acc\u00e8s g\u00e9n\u00e9ralement limit\u00e9 au spectacle vivant, et tout particuli\u00e8rement au th\u00e9\u00e2tre, et sont chaque ann\u00e9e plus nombreuses et plus nombreux \u00e0 assister aux repr\u00e9sentations propos\u00e9es.<\/p>\n\n\n\n<p><\/p>\n\n\n\n<p><strong>b\/ Partenariats\u00a0: implication des acteurs locaux<\/strong><\/p>\n\n\n\n<p>Depuis sa cr\u00e9ation, le festival \u00ab\u00a0Jours de Th\u00e9\u00e2tre\u00a0\u00bb a su s\u2019inscrire dans des partenariats divers, formels ou informels, et impliquer nombre d\u2019acteurs locaux.<\/p>\n\n\n\n<p class=\"has-primary-color has-text-color has-link-color wp-elements-4aeaccded86bd8fd84174d2819fb88c8\">&#8211;<strong><em>Conservatoire \u00e0 Rayonnement R\u00e9gional de Perpignan<\/em><\/strong>\u00a0: c\u2019est avec une certaine \u00e9vidence que nous avons propos\u00e9 il y a quelques ann\u00e9es au directeur du d\u00e9partement d\u2019art dramatique du CRR, Christophe Caustier, de participer \u00e0 notre festival. Ainsi, chaque ann\u00e9e, les \u00e9l\u00e8ves du cursus pr\u00e9professionnel ont l\u2019occasion de se frotter \u00e0 notre public et de lui pr\u00e9senter une partie de leurs travaux de l\u2019ann\u00e9e. Ils y trouvent donc une occasion de jouer devant un public exigeant, et de montrer la qualit\u00e9 du travail du CRR. Depuis l&rsquo;\u00e9dition 2023, le festival propose aux \u00e9l\u00e8ves du CRR en fin de formation de participer \u00e0 un stage de cr\u00e9ation dirig\u00e9 par un metteur en sc\u00e8ne professionnel, et de pr\u00e9senter leur cr\u00e9ation pendant le festival. <\/p>\n\n\n\n<p>&#8211;<strong><em>M\u00e9morial du Camp de Rivesaltes<\/em><\/strong>: depuis 2023, un spectacle du festival est programm\u00e9 conjointement avec le M\u00e9morial, dans le cadre d&rsquo;un partenariat unissant les deux entit\u00e9s. Le spectacle en question traite bien s\u00fbr d&rsquo;une th\u00e9matique de travail du M\u00e9morial, et via une d\u00e9marche artistique, relaie un propos, un regard, un t\u00e9moignage qui correspond \u00e0 des principes forts du M\u00e9morial comme du festival.<\/p>\n\n\n\n<p class=\"has-primary-color has-text-color has-link-color wp-elements-e95e8775d17b924ea0080b24e52d9822\">&#8211;<strong><em>Ligue de l\u2019Enseignement 66<\/em><\/strong>\u00a0: En 2022, nous inaugurions un nouveau partenariat avec la Ligue de l\u2019Enseignement, qui intervient comme un appui technique pr\u00e9cieux dans notre festival en prenant en charge l&rsquo;accueil technique des compagnies dans la salle Arago.<\/p>\n\n\n\n<p>&#8211;<strong><em>Village Vacances CCAS d\u2019Estagel<\/em><\/strong>\u00a0: ce centre de vacances de la Caisse Centrale des Activit\u00e9s Sociales de l\u2019EDF est implant\u00e9 \u00e0 Estagel et participe activement au festival \u00ab\u00a0Jours de Th\u00e9\u00e2tre\u00a0\u00bb. D\u2019une part, en h\u00e9bergeant gracieusement certaines compagnies qui viennent jouer au festival. D\u2019autre part, en proposant aux enfants et adolescents accueillis sur le site d&rsquo;assister \u00e0 une ou plusieurs repr\u00e9sentations du festival. <\/p>\n\n\n\n<p>&#8211;<strong><em>Point Information Jeunesse et Centre de Loisirs d\u2019Estagel<\/em><\/strong>\u00a0: les diff\u00e9rentes structures d\u2019accueil d\u2019enfants et d\u2019adolescents du village sont \u00e9galement associ\u00e9es au festival. Tous prennent part, de leur place, \u00e0 l\u2019organisation du festival, soit par la construction d\u2019\u00e9l\u00e9ments de d\u00e9cor install\u00e9s dans le village, soit en assurant une partie de l\u2019organisation de l\u2019inauguration des Jours de Th\u00e9\u00e2tre, pour les plus grands. Bien \u00e9videmment, ils assistent \u00e0 des spectacles du festival adapt\u00e9s au jeune public, et nous les convions \u00e0 des rencontres avec les compagnies, g\u00e9n\u00e9ralement en bord de sc\u00e8ne apr\u00e8s le spectacle, mais aussi parfois en amont de la repr\u00e9sentation.<\/p>\n\n\n\n<p><strong><em>-Groupe de b\u00e9n\u00e9voles<\/em><\/strong>\u00a0: Au-del\u00e0 d\u2019un partenariat, il s\u2019agit bien de la participation active des b\u00e9n\u00e9voles \u00e0 l\u2019organisation logistique du festival\u00a0: organisation mat\u00e9rielle, mais \u00e9galement accueil du public, accueil ponctuel des compagnies, tenue d\u2019une buvette en apr\u00e8s-soir\u00e9e, mise en sc\u00e8ne de l\u2019espace public pendant le festival\u2026 Certains projets sont port\u00e9s exclusivement par le groupe de b\u00e9n\u00e9voles du festival, comme l\u2019organisation d\u2019un March\u00e9 du festival, regroupant les producteurs, cr\u00e9ateurs, artistes, artisans, associations du canton et\/ou du d\u00e9partement, mis en valeur \u00e0 cette occasion.<\/p>\n\n\n\n<p>&#8211;<strong><em>Associations locales<\/em><\/strong>\u00a0: Les associations locales sont toutes convi\u00e9es \u00e0 participer d\u2019une mani\u00e8re ou une autre \u00e0 notre \u00e9v\u00e9nement. Certaines mettent du petit mat\u00e9riel \u00e0 disposition du festival, ou proposent de la main d\u2019\u0153uvre ponctuelle pendant celui-ci. L\u2019association culturelle <strong><em>La Remise<\/em><\/strong>, situ\u00e9e \u00e0 Estagel et qui a vocation \u00e0 accueillir des artistes en r\u00e9sidence, \u00e0 montrer des spectacles aboutis ou en travail, et plus largement \u00e0 cr\u00e9er du lien et de la convivialit\u00e9 dans le village, accueille dans ses locaux certaines repr\u00e9sentations, et est un de nos partenaires forts depuis et pour plusieurs ann\u00e9es.<\/p>\n\n\n\n<p>&#8211;<strong><em>Commerces des villages<\/em><\/strong>\u00a0: Les commerces du village, enfin, prennent une part active, en relayant les informations concernant le festival, dont la programmation. Certains sont plus encore li\u00e9s aux Jours de Th\u00e9\u00e2tre, comme le Caf\u00e9\/Restaurant Le Commerce qui restaure les compagnies avec des repas \u00e0 prix n\u00e9goci\u00e9 avec le festival, et propose aux festivaliers un repas \u00e0 un tarif d\u00e9fiant toute concurrence pendant les cinq jours.<\/p>\n\n\n\n<p><strong><br><span style=\"text-decoration: underline;\">ENJEUX SOCIAUX<\/span><\/strong><\/p>\n\n\n\n<p><strong>a\/ Engagement pour un acc\u00e8s \u00e0 toutes et tous<\/strong><\/p>\n\n\n\n<p>Le festival Jours de Th\u00e9\u00e2tre et la commune d\u2019Estagel ont fait un choix, relevant d\u2019une politique volontariste\u00a0: l\u2019acc\u00e8s \u00e0 la culture ne doit pas \u00eatre limit\u00e9 \u00e0 celles et ceux qui sont \u00e0 l\u2019aise financi\u00e8rement. Ainsi, l\u2019entr\u00e9e aux plus de vingt-cinq rendez-vous de chaque \u00e9dition du festival est pour la grande majorit\u00e9 d\u2019entre eux gratuite. Seules les entr\u00e9es aux spectacles de soir\u00e9e sont payantes, et une carte PASS donnant acc\u00e8s aux 4 soir\u00e9es est vendue au prix modique de 20\u20ac, permettant \u00e0 tout un chacun de le payer, sans discrimination tarifaire, d\u2019autant que les enfants jusqu\u2019\u00e0 12 ans sont exempts.<\/p>\n\n\n\n<p>Il y a un b\u00e9n\u00e9fice \u00e9vident \u00e0 ce choix&nbsp;: l\u2019absence du frein \u00e9conomique permet \u00e0 des familles du village et des villages voisins, voire du d\u00e9partement, d\u2019assister \u00e0 des spectacles de qualit\u00e9, et d\u2019y accompagner leurs enfants. La fr\u00e9quentation du festival est d\u2019ailleurs plus importante, du fait de cette tarification avantageuse, et nous nous en f\u00e9licitons. En effet, si nous programmons ces repr\u00e9sentations, c\u2019est bien pour qu\u2019elles b\u00e9n\u00e9ficient \u00e0 un plus grand nombre.<\/p>\n\n\n\n<p><\/p>\n\n\n\n<p><strong>b\/ Un festival responsable&nbsp;: les questions soci\u00e9tales<\/strong><\/p>\n\n\n\n<p>Consciente des enjeux d\u2019aujourd\u2019hui, l\u2019organisation du festival se questionne sur ses pratiques et sur leur r\u00e9sonnance avec le monde actuel. Aussi, les exemples donn\u00e9s ci-dessous, s\u2019ils sont les plus parlants, sont loin d\u2019\u00eatre exhaustifs.<\/p>\n\n\n\n<p><strong><em>&#8211; Les enjeux environnementaux<\/em><\/strong>&nbsp;: au cours des premi\u00e8res ann\u00e9es, alors que ce sujet \u00e9tait moins pr\u00e9sent dans les esprits, la question de l\u2019impact environnemental de notre festival se posait moins, et si des mesures de bon sens \u00e9taient prises spontan\u00e9ment, elles ne relevaient pas d\u2019une strat\u00e9gie. Aujourd\u2019hui, m\u00eame si le travail reste encore long, de vrais efforts sont faits \u00e0 ce niveau-l\u00e0&nbsp;: vaisselle exclusivement r\u00e9utilisable, toilettes s\u00e8ches sur le principal site du festival, mise en place d\u2019EcoCup et de tri s\u00e9lectif \u00e0 la buvette, pr\u00e9sence au march\u00e9 du festival d\u2019une association qui sensibilise au <em>z\u00e9ro d\u00e9chet<\/em>, promotion du covoiturage, vente de bi\u00e8re et jus de fruit \u00ab&nbsp;bio&nbsp;\u00bb \u00e0 la buvette, achats en cycles courts, etc.<\/p>\n\n\n\n<p>&#8211; <strong><em>L\u2019\u00e9galit\u00e9 homme\/femme<\/em><\/strong>\u00a0: la programmation de notre festival, si elle ne se conforme pas \u00e0 une r\u00e8gle du 50-50, fait en sorte de proposer bon nombre de spectacles cr\u00e9\u00e9s par des artistes femmes, parfois m\u00eame majoritaires, comme ce fut le cas en 2019. Au-del\u00e0 de la question du quota, nous mettons r\u00e9guli\u00e8rement en avant la question de la place de la femme \u00e0 travers les spectacles que nous proposons, comme dans le spectacle \u00ab\u00a0Femmes \u00e9ternelles\u00a0\u00bb en 2019 ou \u00ab\u00a0Oraison\u00a0\u00bb en 2021, pur ne citer que ceux-ci. Enfin, nous sommes particuli\u00e8rement vigilants \u00e0 ce que les spectacles destin\u00e9s au jeune public ne v\u00e9hiculent pas une image d\u00e9pass\u00e9e ou sexiste du r\u00f4le des femmes et des hommes. <\/p>\n\n\n\n<p>&#8211; <strong><em>L\u2019\u00e9conomie locale<\/em><\/strong>\u00a0: Nous avons d\u00e9j\u00e0 expliqu\u00e9 qu\u2019une bonne partie de notre programmation provenait de compagnies et d\u2019artistes r\u00e9gionaux. Au-del\u00e0, c\u2019est toute l\u2019\u00e9conomie de notre festival qui est bas\u00e9 sur notre rapport au territoire. Ainsi, maquettiste, imprimeur, prestataires techniques son\/lumi\u00e8re viennent du d\u00e9partement. Les achats de fournitures, petit mat\u00e9riel, alimentaires, et de boissons se font lorsque c\u2019est possible au village m\u00eame ou aupr\u00e8s des producteurs et commer\u00e7ants des villages voisins, m\u00eame lorsque cela repr\u00e9sente un surco\u00fbt pour le festival. Enfin, le March\u00e9 du festival, est pens\u00e9 depuis 2020 comme une vitrine de la production, la cr\u00e9ation et l\u2019activit\u00e9 locales aupr\u00e8s de nos festivaliers d\u2019ici et d\u2019ailleurs.<\/p>\n","protected":false},"excerpt":{"rendered":"<p>PR\u00c9SENTATION DU FESTIVAL Estagel a connu dans les ann\u00e9es 80 et 90 une offre culturelle forte, sous l\u2019\u00e9gide de son maire Antoine Sarda et de son acolyte Roger Payrot, et [&hellip;]<\/p>\n","protected":false},"author":1,"featured_media":0,"parent":0,"menu_order":0,"comment_status":"closed","ping_status":"closed","template":"","meta":{"saved_in_kubio":false,"footnotes":""},"class_list":["post-339","page","type-page","status-publish","hentry"],"kubio_ai_page_context":{"short_desc":"","purpose":"general"},"featured_media_urls":[],"_links":{"self":[{"href":"https:\/\/www.joursdetheatre.fr\/index.php\/wp-json\/wp\/v2\/pages\/339","targetHints":{"allow":["GET"]}}],"collection":[{"href":"https:\/\/www.joursdetheatre.fr\/index.php\/wp-json\/wp\/v2\/pages"}],"about":[{"href":"https:\/\/www.joursdetheatre.fr\/index.php\/wp-json\/wp\/v2\/types\/page"}],"author":[{"embeddable":true,"href":"https:\/\/www.joursdetheatre.fr\/index.php\/wp-json\/wp\/v2\/users\/1"}],"replies":[{"embeddable":true,"href":"https:\/\/www.joursdetheatre.fr\/index.php\/wp-json\/wp\/v2\/comments?post=339"}],"version-history":[{"count":4,"href":"https:\/\/www.joursdetheatre.fr\/index.php\/wp-json\/wp\/v2\/pages\/339\/revisions"}],"predecessor-version":[{"id":1178,"href":"https:\/\/www.joursdetheatre.fr\/index.php\/wp-json\/wp\/v2\/pages\/339\/revisions\/1178"}],"wp:attachment":[{"href":"https:\/\/www.joursdetheatre.fr\/index.php\/wp-json\/wp\/v2\/media?parent=339"}],"curies":[{"name":"wp","href":"https:\/\/api.w.org\/{rel}","templated":true}]}}