{"id":2638,"date":"2026-04-21T10:13:08","date_gmt":"2026-04-21T08:13:08","guid":{"rendered":"https:\/\/www.joursdetheatre.fr\/?page_id=2638"},"modified":"2026-04-21T10:19:07","modified_gmt":"2026-04-21T08:19:07","slug":"projets-art-textile","status":"publish","type":"page","link":"https:\/\/www.joursdetheatre.fr\/index.php\/projets-art-textile\/","title":{"rendered":"Projets Art Textile"},"content":{"rendered":"\t\t<div data-elementor-type=\"wp-page\" data-elementor-id=\"2638\" class=\"elementor elementor-2638\">\n\t\t\t\t\t\t<section class=\"elementor-section elementor-top-section elementor-element elementor-element-f399b9f elementor-section-stretched elementor-section-boxed elementor-section-height-default elementor-section-height-default\" data-id=\"f399b9f\" data-element_type=\"section\" data-e-type=\"section\" data-settings=\"{&quot;stretch_section&quot;:&quot;section-stretched&quot;}\">\n\t\t\t\t\t\t<div class=\"elementor-container elementor-column-gap-default\">\n\t\t\t\t\t<div class=\"elementor-column elementor-col-100 elementor-top-column elementor-element elementor-element-0044439\" data-id=\"0044439\" data-element_type=\"column\" data-e-type=\"column\">\n\t\t\t<div class=\"elementor-widget-wrap elementor-element-populated\">\n\t\t\t\t\t\t<div class=\"elementor-element elementor-element-b81698a elementor-widget elementor-widget-heading\" data-id=\"b81698a\" data-element_type=\"widget\" data-e-type=\"widget\" data-widget_type=\"heading.default\">\n\t\t\t\t<div class=\"elementor-widget-container\">\n\t\t\t\t\t<h2 class=\"elementor-heading-title elementor-size-default\">Les projets Art Textile<\/h2>\t\t\t\t<\/div>\n\t\t\t\t<\/div>\n\t\t\t\t<div class=\"elementor-element elementor-element-6d51d9e elementor-widget elementor-widget-text-editor\" data-id=\"6d51d9e\" data-element_type=\"widget\" data-e-type=\"widget\" data-widget_type=\"text-editor.default\">\n\t\t\t\t<div class=\"elementor-widget-container\">\n\t\t\t\t\t\t\t\t\t<p><b>Le festival Jours de Th\u00e9\u00e2tre, ce n&rsquo;est pas que du spectacle vivant !&nbsp;<\/b><\/p>\n<p>Le <b>Laboratoire Artistique Contemporain en Fenouill\u00e8des<\/b> s&rsquo;associe depuis quelques ann\u00e9es \u00e0 l&rsquo;<b>Office Estagellois de la Culture <\/b>et au <b>Festival Jours de Th\u00e9\u00e2tre<\/b> pour d\u00e9corer des lieux embl\u00e9matiques du festival, et faire de l&rsquo;ombre aux festivaliers et festivali\u00e8res (si si!).<\/p>\n<p><br><\/p>\t\t\t\t\t\t\t\t<\/div>\n\t\t\t\t<\/div>\n\t\t\t\t\t<\/div>\n\t\t<\/div>\n\t\t\t\t\t<\/div>\n\t\t<\/section>\n\t\t\t\t<section class=\"elementor-section elementor-top-section elementor-element elementor-element-2ccafba elementor-section-stretched elementor-section-boxed elementor-section-height-default elementor-section-height-default\" data-id=\"2ccafba\" data-element_type=\"section\" data-e-type=\"section\" data-settings=\"{&quot;stretch_section&quot;:&quot;section-stretched&quot;}\">\n\t\t\t\t\t\t<div class=\"elementor-container elementor-column-gap-default\">\n\t\t\t\t\t<div class=\"elementor-column elementor-col-33 elementor-top-column elementor-element elementor-element-6672dee\" data-id=\"6672dee\" data-element_type=\"column\" data-e-type=\"column\">\n\t\t\t<div class=\"elementor-widget-wrap elementor-element-populated\">\n\t\t\t\t\t\t<div class=\"elementor-element elementor-element-8dfe4dc elementor-widget elementor-widget-image\" data-id=\"8dfe4dc\" data-element_type=\"widget\" data-e-type=\"widget\" data-widget_type=\"image.default\">\n\t\t\t\t<div class=\"elementor-widget-container\">\n\t\t\t\t\t\t\t\t\t\t\t\t\t\t\t<img fetchpriority=\"high\" decoding=\"async\" width=\"724\" height=\"1024\" src=\"https:\/\/www.joursdetheatre.fr\/wp-content\/uploads\/2026\/04\/TISSAGE-EN-SCENE-4.0-724x1024.jpg\" class=\"attachment-large size-large wp-image-2644\" alt=\"\" srcset=\"https:\/\/www.joursdetheatre.fr\/wp-content\/uploads\/2026\/04\/TISSAGE-EN-SCENE-4.0-724x1024.jpg 724w, https:\/\/www.joursdetheatre.fr\/wp-content\/uploads\/2026\/04\/TISSAGE-EN-SCENE-4.0-212x300.jpg 212w, https:\/\/www.joursdetheatre.fr\/wp-content\/uploads\/2026\/04\/TISSAGE-EN-SCENE-4.0-768x1086.jpg 768w, https:\/\/www.joursdetheatre.fr\/wp-content\/uploads\/2026\/04\/TISSAGE-EN-SCENE-4.0-1086x1536.jpg 1086w, https:\/\/www.joursdetheatre.fr\/wp-content\/uploads\/2026\/04\/TISSAGE-EN-SCENE-4.0-764x1080.jpg 764w, https:\/\/www.joursdetheatre.fr\/wp-content\/uploads\/2026\/04\/TISSAGE-EN-SCENE-4.0-1320x1867.jpg 1320w, https:\/\/www.joursdetheatre.fr\/wp-content\/uploads\/2026\/04\/TISSAGE-EN-SCENE-4.0.jpg 1414w\" sizes=\"(max-width: 724px) 100vw, 724px\" \/>\t\t\t\t\t\t\t\t\t\t\t\t\t\t\t<\/div>\n\t\t\t\t<\/div>\n\t\t\t\t\t<\/div>\n\t\t<\/div>\n\t\t\t\t<div class=\"elementor-column elementor-col-66 elementor-top-column elementor-element elementor-element-f5391c4\" data-id=\"f5391c4\" data-element_type=\"column\" data-e-type=\"column\">\n\t\t\t<div class=\"elementor-widget-wrap elementor-element-populated\">\n\t\t\t\t\t\t<div class=\"elementor-element elementor-element-0781ea3 elementor-widget elementor-widget-heading\" data-id=\"0781ea3\" data-element_type=\"widget\" data-e-type=\"widget\" data-widget_type=\"heading.default\">\n\t\t\t\t<div class=\"elementor-widget-container\">\n\t\t\t\t\t<h2 class=\"elementor-heading-title elementor-size-default\">Tissage en sc\u00e8ne<\/h2>\t\t\t\t<\/div>\n\t\t\t\t<\/div>\n\t\t\t\t<div class=\"elementor-element elementor-element-5d963af elementor-widget elementor-widget-text-editor\" data-id=\"5d963af\" data-element_type=\"widget\" data-e-type=\"widget\" data-widget_type=\"text-editor.default\">\n\t\t\t\t<div class=\"elementor-widget-container\">\n\t\t\t\t\t\t\t\t\t<p>\u00ab\u00a0<b>Tissage\u00a0\u00bb en sc\u00e8ne<\/b> est un atelier participatif organis\u00e9 pendant 3 jours, quelques temps avant le d\u00e9but des festivit\u00e9s.&nbsp;<\/p>\n<p>Ouvert \u00e0 toutes et tous, les petites mains habiles de b\u00e9n\u00e9voles confectionnent toutes sortes de pi\u00e8ces artistiques, \u00e0 partir de diff\u00e9rents mat\u00e9riaux (tissus, canisse&#8230;), qui permettent durant les jours bouillants du festival de trouver un peu de fra\u00eecheur.&nbsp;&nbsp;<\/p>\t\t\t\t\t\t\t\t<\/div>\n\t\t\t\t<\/div>\n\t\t\t\t<div class=\"elementor-element elementor-element-146f9e3 elementor-widget elementor-widget-image\" data-id=\"146f9e3\" data-element_type=\"widget\" data-e-type=\"widget\" data-widget_type=\"image.default\">\n\t\t\t\t<div class=\"elementor-widget-container\">\n\t\t\t\t\t\t\t\t\t\t\t\t\t\t\t<img decoding=\"async\" width=\"300\" height=\"113\" src=\"https:\/\/www.joursdetheatre.fr\/wp-content\/uploads\/2026\/04\/LOGO-LACF-300x113.png\" class=\"attachment-medium size-medium wp-image-2645\" alt=\"\" srcset=\"https:\/\/www.joursdetheatre.fr\/wp-content\/uploads\/2026\/04\/LOGO-LACF-300x113.png 300w, https:\/\/www.joursdetheatre.fr\/wp-content\/uploads\/2026\/04\/LOGO-LACF-1024x387.png 1024w, https:\/\/www.joursdetheatre.fr\/wp-content\/uploads\/2026\/04\/LOGO-LACF-768x290.png 768w, https:\/\/www.joursdetheatre.fr\/wp-content\/uploads\/2026\/04\/LOGO-LACF-1536x581.png 1536w, https:\/\/www.joursdetheatre.fr\/wp-content\/uploads\/2026\/04\/LOGO-LACF-1320x499.png 1320w, https:\/\/www.joursdetheatre.fr\/wp-content\/uploads\/2026\/04\/LOGO-LACF.png 1830w\" sizes=\"(max-width: 300px) 100vw, 300px\" \/>\t\t\t\t\t\t\t\t\t\t\t\t\t\t\t<\/div>\n\t\t\t\t<\/div>\n\t\t\t\t<div class=\"elementor-element elementor-element-b615b15 elementor-align-center elementor-widget elementor-widget-button\" data-id=\"b615b15\" data-element_type=\"widget\" data-e-type=\"widget\" data-widget_type=\"button.default\">\n\t\t\t\t<div class=\"elementor-widget-container\">\n\t\t\t\t\t\t\t\t\t<div class=\"elementor-button-wrapper\">\n\t\t\t\t\t<a class=\"elementor-button elementor-button-link elementor-size-sm\" href=\"https:\/\/www.facebook.com\/LACFenouilledes\/\">\n\t\t\t\t\t\t<span class=\"elementor-button-content-wrapper\">\n\t\t\t\t\t\t\t\t\t<span class=\"elementor-button-text\">Facebook<\/span>\n\t\t\t\t\t<\/span>\n\t\t\t\t\t<\/a>\n\t\t\t\t<\/div>\n\t\t\t\t\t\t\t\t<\/div>\n\t\t\t\t<\/div>\n\t\t\t\t\t<\/div>\n\t\t<\/div>\n\t\t\t\t\t<\/div>\n\t\t<\/section>\n\t\t\t\t<section class=\"elementor-section elementor-top-section elementor-element elementor-element-55d697e elementor-section-full_width elementor-section-stretched elementor-section-height-default elementor-section-height-default\" data-id=\"55d697e\" data-element_type=\"section\" data-e-type=\"section\" data-settings=\"{&quot;stretch_section&quot;:&quot;section-stretched&quot;}\">\n\t\t\t\t\t\t<div class=\"elementor-container elementor-column-gap-default\">\n\t\t\t\t\t<div class=\"elementor-column elementor-col-100 elementor-top-column elementor-element elementor-element-b3f5add\" data-id=\"b3f5add\" data-element_type=\"column\" data-e-type=\"column\">\n\t\t\t<div class=\"elementor-widget-wrap elementor-element-populated\">\n\t\t\t\t\t\t<div class=\"elementor-element elementor-element-706dc85 elementor-widget-divider--separator-type-pattern elementor-widget-divider--no-spacing elementor-widget-divider--view-line elementor-widget elementor-widget-divider\" data-id=\"706dc85\" data-element_type=\"widget\" data-e-type=\"widget\" data-widget_type=\"divider.default\">\n\t\t\t\t<div class=\"elementor-widget-container\">\n\t\t\t\t\t\t\t<div class=\"elementor-divider\" style=\"--divider-pattern-url: url(&quot;data:image\/svg+xml,%3Csvg xmlns=&#039;http:\/\/www.w3.org\/2000\/svg&#039; preserveAspectRatio=&#039;xMidYMid meet&#039; overflow=&#039;visible&#039; height=&#039;100%&#039; viewBox=&#039;0 0 126 26&#039; fill=&#039;black&#039; stroke=&#039;none&#039;%3E%3Cpath d=&#039;M10.7,6l2.5,2.6l-4,4.3l4,5.4l-2.5,1.9l-4.5-5.2l-3.9,4.2L0.7,17L4,13.1L0,8.6l2.3-1.3l3.9,3.9L10.7,6z M23.9,6.6l4.2,4.5L32,7.2l2.3,1.3l-4,4.5l3.2,3.9L32,19.1l-3.9-3.3l-4.5,4.3l-2.5-1.9l4.4-5.1l-4.2-3.9L23.9,6.6zM73.5,6L76,8.6l-4,4.3l4,5.4l-2.5,1.9l-4.5-5.2l-3.9,4.2L63.5,17l4.1-4.7L63.5,8l2.3-1.3l4.1,3.6L73.5,6z M94,6l2.5,2.6l-4,4.3l4,5.4L94,20.1l-3.9-5l-3.9,4.2L84,17l3.2-3.9L84,8.6l2.3-1.3l3.2,3.9L94,6z M106.9,6l4.5,5.1l3.9-3.9l2.3,1.3l-4,4.5l3.2,3.9l-1.6,2.1l-3.9-4.2l-4.5,5.2l-2.5-1.9l4-5.4l-4-4.3L106.9,6z M53.1,6l2.5,2.6l-4,4.3l4,4.6l-2.5,1.9l-4.5-4.5l-3.5,4.5L43.1,17l3.2-3.9l-4-4.5l2.3-1.3l3.9,3.9L53.1,6z&#039;\/%3E%3C\/svg%3E&quot;);\">\n\t\t\t<span class=\"elementor-divider-separator\">\n\t\t\t\t\t\t<\/span>\n\t\t<\/div>\n\t\t\t\t\t\t<\/div>\n\t\t\t\t<\/div>\n\t\t\t\t\t<\/div>\n\t\t<\/div>\n\t\t\t\t\t<\/div>\n\t\t<\/section>\n\t\t\t\t<section class=\"elementor-section elementor-top-section elementor-element elementor-element-0e9ee96 elementor-section-stretched elementor-section-boxed elementor-section-height-default elementor-section-height-default\" data-id=\"0e9ee96\" data-element_type=\"section\" data-e-type=\"section\" data-settings=\"{&quot;stretch_section&quot;:&quot;section-stretched&quot;}\">\n\t\t\t\t\t\t<div class=\"elementor-container elementor-column-gap-default\">\n\t\t\t\t\t<div class=\"elementor-column elementor-col-66 elementor-top-column elementor-element elementor-element-849a884\" data-id=\"849a884\" data-element_type=\"column\" data-e-type=\"column\">\n\t\t\t<div class=\"elementor-widget-wrap elementor-element-populated\">\n\t\t\t\t\t\t<div class=\"elementor-element elementor-element-c78d6ac elementor-widget elementor-widget-heading\" data-id=\"c78d6ac\" data-element_type=\"widget\" data-e-type=\"widget\" data-widget_type=\"heading.default\">\n\t\t\t\t<div class=\"elementor-widget-container\">\n\t\t\t\t\t<h2 class=\"elementor-heading-title elementor-size-default\">Bavardages textiles<\/h2>\t\t\t\t<\/div>\n\t\t\t\t<\/div>\n\t\t\t\t\t<\/div>\n\t\t<\/div>\n\t\t\t\t<div class=\"elementor-column elementor-col-33 elementor-top-column elementor-element elementor-element-b43e93b\" data-id=\"b43e93b\" data-element_type=\"column\" data-e-type=\"column\">\n\t\t\t<div class=\"elementor-widget-wrap elementor-element-populated\">\n\t\t\t\t\t\t<div class=\"elementor-element elementor-element-cf2c66c elementor-widget elementor-widget-image\" data-id=\"cf2c66c\" data-element_type=\"widget\" data-e-type=\"widget\" data-widget_type=\"image.default\">\n\t\t\t\t<div class=\"elementor-widget-container\">\n\t\t\t\t\t\t\t\t\t\t\t\t\t\t\t<img decoding=\"async\" width=\"960\" height=\"960\" src=\"https:\/\/www.joursdetheatre.fr\/wp-content\/uploads\/2026\/04\/BAVARDAGES-TEXTILE.jpg\" class=\"attachment-large size-large wp-image-2646\" alt=\"\" srcset=\"https:\/\/www.joursdetheatre.fr\/wp-content\/uploads\/2026\/04\/BAVARDAGES-TEXTILE.jpg 960w, https:\/\/www.joursdetheatre.fr\/wp-content\/uploads\/2026\/04\/BAVARDAGES-TEXTILE-300x300.jpg 300w, https:\/\/www.joursdetheatre.fr\/wp-content\/uploads\/2026\/04\/BAVARDAGES-TEXTILE-150x150.jpg 150w, https:\/\/www.joursdetheatre.fr\/wp-content\/uploads\/2026\/04\/BAVARDAGES-TEXTILE-768x768.jpg 768w\" sizes=\"(max-width: 960px) 100vw, 960px\" \/>\t\t\t\t\t\t\t\t\t\t\t\t\t\t\t<\/div>\n\t\t\t\t<\/div>\n\t\t\t\t\t<\/div>\n\t\t<\/div>\n\t\t\t\t\t<\/div>\n\t\t<\/section>\n\t\t\t\t<section class=\"elementor-section elementor-top-section elementor-element elementor-element-4f48075 elementor-section-boxed elementor-section-height-default elementor-section-height-default\" data-id=\"4f48075\" data-element_type=\"section\" data-e-type=\"section\">\n\t\t\t\t\t\t<div class=\"elementor-container elementor-column-gap-default\">\n\t\t\t\t\t<div class=\"elementor-column elementor-col-100 elementor-top-column elementor-element elementor-element-8e9a137\" data-id=\"8e9a137\" data-element_type=\"column\" data-e-type=\"column\">\n\t\t\t<div class=\"elementor-widget-wrap elementor-element-populated\">\n\t\t\t\t\t\t<div class=\"elementor-element elementor-element-372792b elementor-widget elementor-widget-spacer\" data-id=\"372792b\" data-element_type=\"widget\" data-e-type=\"widget\" data-widget_type=\"spacer.default\">\n\t\t\t\t<div class=\"elementor-widget-container\">\n\t\t\t\t\t\t\t<div class=\"elementor-spacer\">\n\t\t\t<div class=\"elementor-spacer-inner\"><\/div>\n\t\t<\/div>\n\t\t\t\t\t\t<\/div>\n\t\t\t\t<\/div>\n\t\t\t\t\t<\/div>\n\t\t<\/div>\n\t\t\t\t\t<\/div>\n\t\t<\/section>\n\t\t\t\t<\/div>\n\t\t","protected":false},"excerpt":{"rendered":"<p>Les projets Art Textile Le festival Jours de Th\u00e9\u00e2tre, ce n&rsquo;est pas que du spectacle vivant !&nbsp; Le Laboratoire Artistique Contemporain en Fenouill\u00e8des s&rsquo;associe depuis quelques ann\u00e9es \u00e0 l&rsquo;Office Estagellois [&hellip;]<\/p>\n","protected":false},"author":1,"featured_media":0,"parent":0,"menu_order":0,"comment_status":"closed","ping_status":"closed","template":"","meta":{"saved_in_kubio":false,"footnotes":""},"class_list":["post-2638","page","type-page","status-publish","hentry"],"kubio_ai_page_context":{"short_desc":"","purpose":"general"},"featured_media_urls":[],"_links":{"self":[{"href":"https:\/\/www.joursdetheatre.fr\/index.php\/wp-json\/wp\/v2\/pages\/2638","targetHints":{"allow":["GET"]}}],"collection":[{"href":"https:\/\/www.joursdetheatre.fr\/index.php\/wp-json\/wp\/v2\/pages"}],"about":[{"href":"https:\/\/www.joursdetheatre.fr\/index.php\/wp-json\/wp\/v2\/types\/page"}],"author":[{"embeddable":true,"href":"https:\/\/www.joursdetheatre.fr\/index.php\/wp-json\/wp\/v2\/users\/1"}],"replies":[{"embeddable":true,"href":"https:\/\/www.joursdetheatre.fr\/index.php\/wp-json\/wp\/v2\/comments?post=2638"}],"version-history":[{"count":22,"href":"https:\/\/www.joursdetheatre.fr\/index.php\/wp-json\/wp\/v2\/pages\/2638\/revisions"}],"predecessor-version":[{"id":2667,"href":"https:\/\/www.joursdetheatre.fr\/index.php\/wp-json\/wp\/v2\/pages\/2638\/revisions\/2667"}],"wp:attachment":[{"href":"https:\/\/www.joursdetheatre.fr\/index.php\/wp-json\/wp\/v2\/media?parent=2638"}],"curies":[{"name":"wp","href":"https:\/\/api.w.org\/{rel}","templated":true}]}}