{"id":2275,"date":"2025-07-02T14:41:06","date_gmt":"2025-07-02T12:41:06","guid":{"rendered":"https:\/\/www.joursdetheatre.fr\/?page_id=2275"},"modified":"2026-03-11T10:58:55","modified_gmt":"2026-03-11T09:58:55","slug":"archives","status":"publish","type":"page","link":"https:\/\/www.joursdetheatre.fr\/index.php\/archives\/","title":{"rendered":"\u00c9ditions pr\u00e9c\u00e9dentes"},"content":{"rendered":"\n\n\n\n\n\n\n\n\n\n","protected":false},"excerpt":{"rendered":"","protected":false},"author":1,"featured_media":0,"parent":0,"menu_order":0,"comment_status":"closed","ping_status":"closed","template":"full-width","meta":{"saved_in_kubio":true,"footnotes":""},"class_list":["post-2275","page","type-page","status-publish","hentry"],"kubio_ai_page_context":{"short_desc":"","purpose":"general"},"featured_media_urls":[],"_links":{"self":[{"href":"https:\/\/www.joursdetheatre.fr\/index.php\/wp-json\/wp\/v2\/pages\/2275","targetHints":{"allow":["GET"]}}],"collection":[{"href":"https:\/\/www.joursdetheatre.fr\/index.php\/wp-json\/wp\/v2\/pages"}],"about":[{"href":"https:\/\/www.joursdetheatre.fr\/index.php\/wp-json\/wp\/v2\/types\/page"}],"author":[{"embeddable":true,"href":"https:\/\/www.joursdetheatre.fr\/index.php\/wp-json\/wp\/v2\/users\/1"}],"replies":[{"embeddable":true,"href":"https:\/\/www.joursdetheatre.fr\/index.php\/wp-json\/wp\/v2\/comments?post=2275"}],"version-history":[{"count":21,"href":"https:\/\/www.joursdetheatre.fr\/index.php\/wp-json\/wp\/v2\/pages\/2275\/revisions"}],"predecessor-version":[{"id":2527,"href":"https:\/\/www.joursdetheatre.fr\/index.php\/wp-json\/wp\/v2\/pages\/2275\/revisions\/2527"}],"wp:attachment":[{"href":"https:\/\/www.joursdetheatre.fr\/index.php\/wp-json\/wp\/v2\/media?parent=2275"}],"curies":[{"name":"wp","href":"https:\/\/api.w.org\/{rel}","templated":true}]}}